{"id":28,"date":"2016-11-28T12:23:21","date_gmt":"2016-11-28T12:23:21","guid":{"rendered":"http:\/\/www.ospkobylanka.pl\/?page_id=28"},"modified":"2025-12-18T17:21:26","modified_gmt":"2025-12-18T17:21:26","slug":"wynajem-sali","status":"publish","type":"page","link":"https:\/\/www.ospkobylanka.pl\/?page_id=28","title":{"rendered":"Wynajem sali"},"content":{"rendered":"<p style=\"text-align: center;\"><span style=\"font-size: 24px; font-family: 'Arial Black';\">Oferujemy wynajem sali na wszystkie imprezy okoliczno\u015bciowe<\/span><\/p>\n<p style=\"text-align: center;\"><span style=\"color: #2b231c; font-family: 'Arial Black'; font-size: 13px;\">miejsce dla 50 os\u00f3b<\/span><\/p>\n<ul>\n<li><span style=\"font-family: 'Arial Black';\"><span style=\"font-size: 13px; line-height: normal;\">kuchnia z pe\u0142nym wyposa\u017ceniem,<\/span><br \/>\n<\/span><\/li>\n<li><span style=\"font-family: 'Arial Black';\">naczynia,<\/span><\/li>\n<li><span style=\"font-family: 'Arial Black';\">parking za budynkiem.<\/span><\/li>\n<\/ul>\n<p style=\"text-align: center;\"><span style=\"font-size: 22px;\">KONTAKT 694-498-267<\/span><\/p>\n<p style=\"text-align: center;\"><span style=\"font-size: 22px;\">Zapraszamy!<\/span><\/p>\n<p>&nbsp;<\/p>\n<p style=\"text-align: center;\"><div tabindex=\"0\" class=\"cycloneslider cycloneslider-template-standard cycloneslider-width-responsive\" id=\"cycloneslider-sala-1\" style=\"max-width:960px\" > <div class=\"cycloneslider-slides cycle-slideshow\" data-cycle-allow-wrap=\"true\" data-cycle-dynamic-height=\"off\" data-cycle-auto-height=\"960:600\" data-cycle-auto-height-easing=\"null\" data-cycle-auto-height-speed=\"250\" data-cycle-delay=\"0\" data-cycle-easing=\"\" data-cycle-fx=\"fade\" data-cycle-hide-non-active=\"true\" data-cycle-log=\"false\" data-cycle-next=\"#cycloneslider-sala-1 .cycloneslider-next\" data-cycle-pager=\"#cycloneslider-sala-1 .cycloneslider-pager\" data-cycle-pause-on-hover=\"true\" data-cycle-prev=\"#cycloneslider-sala-1 .cycloneslider-prev\" data-cycle-slides=\"&gt; div\" data-cycle-speed=\"1000\" data-cycle-swipe=\"false\" data-cycle-tile-count=\"7\" data-cycle-tile-delay=\"100\" data-cycle-tile-vertical=\"true\" data-cycle-timeout=\"4000\" > <div class=\"cycloneslider-slide cycloneslider-slide-image\" > <img src=\"https:\/\/www.ospkobylanka.pl\/wp-content\/uploads\/2019\/12\/IMG_20191226_094935-960x600.jpg\" alt=\"\" title=\"\" \/> <\/div> <div class=\"cycloneslider-slide cycloneslider-slide-image\" > <img src=\"https:\/\/www.ospkobylanka.pl\/wp-content\/uploads\/2019\/12\/IMG_20191226_094945-960x600.jpg\" alt=\"\" title=\"\" \/> <\/div> <div class=\"cycloneslider-slide cycloneslider-slide-image\" > <img src=\"https:\/\/www.ospkobylanka.pl\/wp-content\/uploads\/2019\/12\/77204708_10215334066772797_5480436101430640640_n-960x600.jpg\" alt=\"\" title=\"\" \/> <\/div> <div class=\"cycloneslider-slide cycloneslider-slide-image\" > <img src=\"https:\/\/www.ospkobylanka.pl\/wp-content\/uploads\/2019\/12\/77228719_10215334068412838_1283782350592802816_n-960x600.jpg\" alt=\"\" title=\"\" \/> <\/div> <div class=\"cycloneslider-slide cycloneslider-slide-image\" > <img src=\"https:\/\/www.ospkobylanka.pl\/wp-content\/uploads\/2019\/12\/78898971_10215334067132806_4336705277081419776_n-960x600.jpg\" alt=\"\" title=\"\" \/> <\/div> <div class=\"cycloneslider-slide cycloneslider-slide-image\" > <img src=\"https:\/\/www.ospkobylanka.pl\/wp-content\/uploads\/2019\/07\/5-FILEminimizer-960x600.jpg\" alt=\"\" title=\"\" \/> <\/div> <div class=\"cycloneslider-slide cycloneslider-slide-image\" > <img src=\"https:\/\/www.ospkobylanka.pl\/wp-content\/uploads\/2019\/07\/6-FILEminimizer-960x600.jpg\" alt=\"\" title=\"\" \/> <\/div> <\/div> <div class=\"cycloneslider-pager\"><\/div> <a href=\"#\" class=\"cycloneslider-prev\"> <span class=\"arrow\"><\/span> <\/a> <a href=\"#\" class=\"cycloneslider-next\"> <span class=\"arrow\"><\/span> <\/a> <\/div><\/p>\n<p>&nbsp;<\/p>\n<p>&nbsp;<\/p>\n<p style=\"text-align: center;\"><span style=\"font-family: 'Arial Black'; font-size: 14px;\">&nbsp;<\/span><\/p>\n<p style=\"text-align: center;\"><span style=\"font-family: 'Arial Black'; font-size: 14px;\">POLECAMY CATERING:<\/span><\/p>\n<p style=\"text-align: center;\"><a href=\"https:\/\/www.facebook.com\/pg\/SZSZ-MAZUR-Katering-1555756458069542\/about\/?ref=page_internal\"><img decoding=\"async\" loading=\"lazy\" class=\"\" src=\"http:\/\/www.ospkobylanka.pl\/wp-content\/uploads\/2017\/12\/szszmazur.jpg\" alt=\"\" width=\"440\" height=\"293\"><\/a><span style=\"font-size: 22px;\"><br \/>\n<\/span><\/p>\n<p>&nbsp;<\/p>\n","protected":false},"excerpt":{"rendered":"<p>Oferujemy wynajem sali na wszystkie imprezy okoliczno\u015bciowe miejsce dla 50 os\u00f3b kuchnia z pe\u0142nym wyposa\u017ceniem, naczynia, parking za budynkiem. KONTAKT 694-498-267 Zapraszamy! &nbsp; &nbsp; &nbsp; &nbsp; POLECAMY CATERING: &nbsp;<\/p>\n","protected":false},"author":1,"featured_media":0,"parent":0,"menu_order":7,"comment_status":"closed","ping_status":"closed","template":"","meta":{"ngg_post_thumbnail":0},"_links":{"self":[{"href":"https:\/\/www.ospkobylanka.pl\/index.php?rest_route=\/wp\/v2\/pages\/28"}],"collection":[{"href":"https:\/\/www.ospkobylanka.pl\/index.php?rest_route=\/wp\/v2\/pages"}],"about":[{"href":"https:\/\/www.ospkobylanka.pl\/index.php?rest_route=\/wp\/v2\/types\/page"}],"author":[{"embeddable":true,"href":"https:\/\/www.ospkobylanka.pl\/index.php?rest_route=\/wp\/v2\/users\/1"}],"replies":[{"embeddable":true,"href":"https:\/\/www.ospkobylanka.pl\/index.php?rest_route=%2Fwp%2Fv2%2Fcomments&post=28"}],"version-history":[{"count":9,"href":"https:\/\/www.ospkobylanka.pl\/index.php?rest_route=\/wp\/v2\/pages\/28\/revisions"}],"predecessor-version":[{"id":1928,"href":"https:\/\/www.ospkobylanka.pl\/index.php?rest_route=\/wp\/v2\/pages\/28\/revisions\/1928"}],"wp:attachment":[{"href":"https:\/\/www.ospkobylanka.pl\/index.php?rest_route=%2Fwp%2Fv2%2Fmedia&parent=28"}],"curies":[{"name":"wp","href":"https:\/\/api.w.org\/{rel}","templated":true}]}}