{"id":1735,"date":"2021-03-12T12:27:44","date_gmt":"2021-03-12T12:27:44","guid":{"rendered":"http:\/\/www.ospkobylanka.pl\/?page_id=1735"},"modified":"2023-06-27T14:54:53","modified_gmt":"2023-06-27T14:54:53","slug":"wynajem-sali-2","status":"publish","type":"page","link":"https:\/\/www.ospkobylanka.pl\/?page_id=1735","title":{"rendered":"Wynajem sali"},"content":{"rendered":"\n    \n    <section class=\"u-align-center u-clearfix u-section-2\" id=\"sec-b146\">\n      <div class=\"u-clearfix u-sheet u-sheet-1\">\n        <h2 class=\"u-text u-text-1\">Oferujemy wynajem sali na wszystkie imprezy okoliczno\u015bciowe<br>\n          <br>\n          <span style=\"font-weight: 700;\" class=\"u-text-palette-2-base\">KONTAKT: 694-498-267<\/span>\n        <\/h2>\n      <\/div>\n    <\/section>\n    <section class=\"u-align-center u-clearfix u-section-3\" id=\"sec-43b7\">\n      <div class=\"u-clearfix u-sheet u-valign-middle u-sheet-1\">\n        <div class=\"u-expanded-width u-list u-repeater u-list-1\">\n          <div class=\"u-container-style u-list-item u-repeater-item\">\n            <div class=\"u-container-layout u-similar-container u-valign-middle u-container-layout-1\"><span class=\"u-file-icon u-icon u-icon-circle u-text-palette-5-dark-2 u-icon-1\"><img src=\"https:\/\/www.ospkobylanka.pl\/wp-content\/uploads\/2021\/03\/crowd.png\" alt=\"\"><\/span>\n              <h4 class=\"u-align-center u-text u-text-1\">60-70 os\u00f3b<\/h4>\n            <\/div>\n          <\/div>\n          <div class=\"u-align-center u-container-style u-list-item u-repeater-item\">\n            <div class=\"u-container-layout u-similar-container u-valign-middle u-container-layout-2\"><span class=\"u-file-icon u-icon u-icon-circle u-text-palette-5-dark-2 u-icon-2\"><img src=\"https:\/\/www.ospkobylanka.pl\/wp-content\/uploads\/2021\/03\/restaurant.png\" alt=\"\"><\/span>\n              <h4 class=\"u-align-center u-text u-text-2\">naczynia<\/h4>\n            <\/div>\n          <\/div>\n          <div class=\"u-align-center u-container-style u-list-item u-repeater-item\">\n            <div class=\"u-container-layout u-similar-container u-valign-middle u-container-layout-3\"><span class=\"u-file-icon u-icon u-icon-circle u-text-palette-5-dark-2 u-icon-3\"><img src=\"https:\/\/www.ospkobylanka.pl\/wp-content\/uploads\/2021\/03\/kitchen.png\" alt=\"\"><\/span>\n              <h4 class=\"u-align-center u-text u-text-3\">kuchnia z pe\u0142nym wyposa\u017ceniem<\/h4>\n            <\/div>\n          <\/div>\n          <div class=\"u-align-center u-container-style u-list-item u-repeater-item\">\n            <div class=\"u-container-layout u-similar-container u-valign-middle u-container-layout-4\"><span class=\"u-file-icon u-icon u-icon-circle u-text-palette-5-dark-2 u-icon-4\"><img src=\"https:\/\/www.ospkobylanka.pl\/wp-content\/uploads\/2021\/03\/parking-area.png\" alt=\"\"><\/span>\n              <h4 class=\"u-align-center u-text u-text-4\">parking<\/h4>\n            <\/div>\n          <\/div>\n        <\/div>\n      <\/div>\n    <\/section>\n    <section class=\"u-align-center u-clearfix u-section-4\" id=\"sec-1fe8\">\n      <div class=\"u-clearfix u-sheet u-valign-middle u-sheet-1\">\n        <div id=\"carousel-bd35\" data-interval=\"5000\" data-u-ride=\"carousel\" class=\"u-carousel u-expanded-width-sm u-expanded-width-xs u-slider u-slider-1\">\n          <ol class=\"u-absolute-hcenter u-carousel-indicators u-hidden u-carousel-indicators-1\">\n            <li data-u-target=\"#carousel-bd35\" class=\"u-active u-grey-30\" data-u-slide-to=\"0\"><\/li>\n            <li data-u-target=\"#carousel-bd35\" class=\"u-grey-30\" data-u-slide-to=\"1\"><\/li>\n            <li data-u-target=\"#carousel-bd35\" class=\"u-grey-30\" data-u-slide-to=\"2\"><\/li>\n          <\/ol>\n          <div class=\"u-carousel-inner\" role=\"listbox\">\n            <div class=\"u-active u-align-center-md u-align-center-sm u-align-center-xs u-carousel-item u-container-style u-image u-slide u-image-1\">\n              <div class=\"u-container-layout u-valign-middle u-container-layout-1\"><\/div>\n            <\/div>\n            <div class=\"u-carousel-item u-container-style u-expanded-width u-image u-slide u-image-2\">\n              <div class=\"u-container-layout u-valign-middle u-container-layout-2\"><\/div>\n            <\/div>\n            <div class=\"test-slide u-carousel-item u-container-style u-image u-slide u-image-3\" data-image-width=\"800\" data-image-height=\"600\">\n              <div class=\"u-container-layout u-container-layout-3\"><\/div>\n            <\/div>\n          <\/div>\n          <a class=\"u-absolute-vcenter u-carousel-control u-carousel-control-prev u-spacing-12 u-text-grey-30 u-carousel-control-1\" href=\"#carousel-bd35\" role=\"button\" data-u-slide=\"prev\">\n            <span aria-hidden=\"true\">\n              <svg viewBox=\"0 0 477.175 477.175\"><path d=\"M145.188,238.575l215.5-215.5c5.3-5.3,5.3-13.8,0-19.1s-13.8-5.3-19.1,0l-225.1,225.1c-5.3,5.3-5.3,13.8,0,19.1l225.1,225\n                    c2.6,2.6,6.1,4,9.5,4s6.9-1.3,9.5-4c5.3-5.3,5.3-13.8,0-19.1L145.188,238.575z\"><\/path><\/svg>\n            <\/span>\n            <span class=\"sr-only\">+Previous<\/span>\n          <\/a>\n          <a class=\"u-absolute-vcenter u-carousel-control u-carousel-control-next u-spacing-12 u-text-grey-30 u-carousel-control-2\" href=\"#carousel-bd35\" role=\"button\" data-u-slide=\"next\">\n            <span aria-hidden=\"true\">\n              <svg viewBox=\"0 0 477.175 477.175\"><path d=\"M360.731,229.075l-225.1-225.1c-5.3-5.3-13.8-5.3-19.1,0s-5.3,13.8,0,19.1l215.5,215.5l-215.5,215.5\n                    c-5.3,5.3-5.3,13.8,0,19.1c2.6,2.6,6.1,4,9.5,4c3.4,0,6.9-1.3,9.5-4l225.1-225.1C365.931,242.875,365.931,234.275,360.731,229.075z\"><\/path><\/svg>\n            <\/span>\n            <span class=\"sr-only\">+Next<\/span>\n          <\/a>\n        <\/div>\n      <\/div>\n    <\/section>\n    <section class=\"u-align-center u-clearfix u-section-5\" id=\"sec-1192\">\n      <div class=\"u-clearfix u-sheet u-sheet-1\">\n        <h3 class=\"u-text u-text-1\">polecamy catering<\/h3>\n        <img src=\"https:\/\/www.ospkobylanka.pl\/wp-content\/uploads\/2021\/03\/szszmazur.jpg\" alt=\"\" class=\"u-image u-image-default u-image-1\" data-image-width=\"718\" data-image-height=\"478\">\n      <\/div>\n    <\/section>\n    \n    \n    \n  \n","protected":false},"excerpt":{"rendered":"<p>Oferujemy wynajem sali na wszystkie imprezy okoliczno\u015bciowe KONTAKT: 694-498-267 60-70 os\u00f3b naczynia kuchnia z pe\u0142nym wyposa\u017ceniem parking +Previous +Next polecamy catering<\/p>\n","protected":false},"author":1,"featured_media":0,"parent":0,"menu_order":3,"comment_status":"closed","ping_status":"closed","template":"","meta":{"ngg_post_thumbnail":0},"_links":{"self":[{"href":"https:\/\/www.ospkobylanka.pl\/index.php?rest_route=\/wp\/v2\/pages\/1735"}],"collection":[{"href":"https:\/\/www.ospkobylanka.pl\/index.php?rest_route=\/wp\/v2\/pages"}],"about":[{"href":"https:\/\/www.ospkobylanka.pl\/index.php?rest_route=\/wp\/v2\/types\/page"}],"author":[{"embeddable":true,"href":"https:\/\/www.ospkobylanka.pl\/index.php?rest_route=\/wp\/v2\/users\/1"}],"replies":[{"embeddable":true,"href":"https:\/\/www.ospkobylanka.pl\/index.php?rest_route=%2Fwp%2Fv2%2Fcomments&post=1735"}],"version-history":[{"count":2,"href":"https:\/\/www.ospkobylanka.pl\/index.php?rest_route=\/wp\/v2\/pages\/1735\/revisions"}],"predecessor-version":[{"id":1871,"href":"https:\/\/www.ospkobylanka.pl\/index.php?rest_route=\/wp\/v2\/pages\/1735\/revisions\/1871"}],"wp:attachment":[{"href":"https:\/\/www.ospkobylanka.pl\/index.php?rest_route=%2Fwp%2Fv2%2Fmedia&parent=1735"}],"curies":[{"name":"wp","href":"https:\/\/api.w.org\/{rel}","templated":true}]}}