{"id":1734,"date":"2021-03-12T12:27:43","date_gmt":"2021-03-12T12:27:43","guid":{"rendered":"http:\/\/www.ospkobylanka.pl\/?page_id=1734"},"modified":"2021-03-12T12:27:47","modified_gmt":"2021-03-12T12:27:47","slug":"kontakt-2","status":"publish","type":"page","link":"https:\/\/www.ospkobylanka.pl\/?page_id=1734","title":{"rendered":"Kontakt"},"content":{"rendered":"\n  \n    <section class=\"u-clearfix u-section-1\" id=\"carousel_c08f\">\n      <div class=\"u-clearfix u-sheet u-valign-middle-sm u-valign-middle-xs u-sheet-1\">\n        <div class=\"u-clearfix u-expanded-width u-layout-wrap u-layout-wrap-1\">\n          <div class=\"u-gutter-0 u-layout\">\n            <div class=\"u-layout-row\">\n              <div class=\"u-container-style u-layout-cell u-size-30 u-layout-cell-1\">\n                <div class=\"u-container-layout u-container-layout-1\">\n                  <h3 class=\"u-text u-text-1\">Ochotnicza Stra\u017c Po\u017carna<br>&nbsp;w Kobylance\n                  <\/h3>\n                  <h6 class=\"u-text u-text-2\">38-303 Kobylanka<br>Kobylanka 751<br>\n                    <span style=\"font-size: 0.875rem;\">\n                      <span style=\"font-weight: 400;\"> gmina Gorlice<\/span>\n                      <br>\n                      <span style=\"font-weight: 400;\">woj. ma\u0142opolskie<\/span>\n                    <\/span>\n                    <br>\n                    <br>\n                    <span style=\"font-weight: 400; font-size: 1rem;\">NIP: 738-18-60-104<br>REGON: 492026886\n                    <\/span>\n                  <\/h6>\n                <\/div>\n              <\/div>\n              <div class=\"u-container-style u-layout-cell u-size-30 u-layout-cell-2\">\n                <div class=\"u-container-layout u-valign-bottom-md u-container-layout-2\">\n                  <p class=\"u-text u-text-3\">\n                    <span style=\"font-weight: 400;\">kom.: <\/span>697-051-522 - Prezes OSP<br>\n                    <br>\n                    <span style=\"font-weight: 400;\">e-mail:<\/span> ospkobylanka@gmail.com\n                  <\/p>\n                  <div class=\"u-social-icons u-spacing-10 u-social-icons-1\">\n                    <a class=\"u-social-url\" target=\"_blank\" href=\"https:\/\/facebook.com\/Kobylanka.OSP\"><span class=\"u-icon u-icon-circle u-social-facebook u-social-type-color u-icon-1\"><svg class=\"u-svg-link\" preserveAspectRatio=\"xMidYMin slice\" viewBox=\"0 0 112 112\" style=\"\"><use xmlns:xlink=\"http:\/\/www.w3.org\/1999\/xlink\" xlink:href=\"#svg-3876\"><\/use><\/svg><svg xmlns=\"http:\/\/www.w3.org\/2000\/svg\" xmlns:xlink=\"http:\/\/www.w3.org\/1999\/xlink\" version=\"1.1\" xml:space=\"preserve\" class=\"u-svg-content\" viewBox=\"0 0 112 112\" x=\"0px\" y=\"0px\" id=\"svg-3876\" style=\"color: rgb(59, 89, 152);\"><circle fill=\"currentColor\" cx=\"56.1\" cy=\"56.1\" r=\"55\"><\/circle><path fill=\"#FFFFFF\" d=\"M73.5,31.6h-9.1c-1.4,0-3.6,0.8-3.6,3.9v8.5h12.6L72,58.3H60.8v40.8H43.9V58.3h-8V43.9h8v-9.2\n            c0-6.7,3.1-17,17-17h12.5v13.9H73.5z\"><\/path><\/svg><\/span>\n                    <\/a>\n                  <\/div>\n                <\/div>\n              <\/div>\n            <\/div>\n          <\/div>\n        <\/div>\n      <\/div>\n    <\/section>\n    <section class=\"u-clearfix u-grey-light-2 u-typography-custom-page-typography-12--Map u-section-2\" id=\"sec-4d76\">\n      <div class=\"u-expanded u-grey-light-2 u-map\">\n        <div class=\"embed-responsive\">\n          <iframe class=\"embed-responsive-item\" src=\"\/\/maps.google.com\/maps?output=embed&amp;q=OSP%20KOBYLANKA&amp;t=m\" data-map=\"JTdCJTIycG9zaXRpb25UeXBlJTIyJTNBJTIybWFwLWFkZHJlc3MlMjIlMkMlMjJhZGRyZXNzJTIyJTNBJTIyT1NQJTIwS09CWUxBTktBJTIyJTJDJTIyem9vbSUyMiUzQTAlMkMlMjJ0eXBlSWQlMjIlM0ElMjJyb2FkJTIyJTJDJTIybGFuZyUyMiUzQW51bGwlMkMlMjJhcGlLZXklMjIlM0FudWxsJTJDJTIybWFya2VycyUyMiUzQSU1QiU1RCU3RA==\"><\/iframe>\n        <\/div>\n      <\/div>\n      <div class=\"u-clearfix u-sheet u-sheet-1\"><\/div>\n    <\/section>\n    \n    \n    \n    \n  \n","protected":false},"excerpt":{"rendered":"<p>Ochotnicza Stra\u017c Po\u017carna&nbsp;w Kobylance 38-303 KobylankaKobylanka 751 gmina Gorlice woj. ma\u0142opolskie NIP: 738-18-60-104REGON: 492026886 kom.: 697-051-522 &#8211; Prezes OSP e-mail: ospkobylanka@gmail.com<\/p>\n","protected":false},"author":1,"featured_media":0,"parent":0,"menu_order":2,"comment_status":"closed","ping_status":"closed","template":"","meta":{"ngg_post_thumbnail":0},"_links":{"self":[{"href":"https:\/\/www.ospkobylanka.pl\/index.php?rest_route=\/wp\/v2\/pages\/1734"}],"collection":[{"href":"https:\/\/www.ospkobylanka.pl\/index.php?rest_route=\/wp\/v2\/pages"}],"about":[{"href":"https:\/\/www.ospkobylanka.pl\/index.php?rest_route=\/wp\/v2\/types\/page"}],"author":[{"embeddable":true,"href":"https:\/\/www.ospkobylanka.pl\/index.php?rest_route=\/wp\/v2\/users\/1"}],"replies":[{"embeddable":true,"href":"https:\/\/www.ospkobylanka.pl\/index.php?rest_route=%2Fwp%2Fv2%2Fcomments&post=1734"}],"version-history":[{"count":1,"href":"https:\/\/www.ospkobylanka.pl\/index.php?rest_route=\/wp\/v2\/pages\/1734\/revisions"}],"predecessor-version":[{"id":1739,"href":"https:\/\/www.ospkobylanka.pl\/index.php?rest_route=\/wp\/v2\/pages\/1734\/revisions\/1739"}],"wp:attachment":[{"href":"https:\/\/www.ospkobylanka.pl\/index.php?rest_route=%2Fwp%2Fv2%2Fmedia&parent=1734"}],"curies":[{"name":"wp","href":"https:\/\/api.w.org\/{rel}","templated":true}]}}